{"id":86,"date":"2017-07-05T18:36:52","date_gmt":"2017-07-05T18:36:52","guid":{"rendered":"http:\/\/nanobiolab.usm.cl\/?page_id=86"},"modified":"2026-02-19T01:00:31","modified_gmt":"2026-02-19T01:00:31","slug":"team-members","status":"publish","type":"page","link":"http:\/\/nanobiolab.usm.cl\/index.php\/team-members\/","title":{"rendered":"Team Members"},"content":{"rendered":"<p><strong><span style=\"color: #000000; font-size: 22px;\">Current Lab Members<\/span><\/strong><\/p>\n<p>\u00a0<\/p>\n<h5><strong><span style=\"color: #0000ff;\"><img loading=\"lazy\" class=\"wp-image-1079 alignleft\" src=\"http:\/\/nanobiolab.usm.cl\/wp-content\/uploads\/2026\/02\/foto-mia.jpg\" alt=\"\" width=\"123\" height=\"123\" srcset=\"http:\/\/nanobiolab.usm.cl\/wp-content\/uploads\/2026\/02\/foto-mia.jpg 291w, http:\/\/nanobiolab.usm.cl\/wp-content\/uploads\/2026\/02\/foto-mia-150x150.jpg 150w, http:\/\/nanobiolab.usm.cl\/wp-content\/uploads\/2026\/02\/foto-mia-230x230.jpg 230w\" sizes=\"(max-width: 123px) 100vw, 123px\" \/>Carolina Parra.<\/span> Principal Investigator.<\/strong><\/h5>\n<p>Associate Professor, Department of Mechanical Engineering, Universidad T\u00e9cnica Federico Santa Mar\u00eda (UTFSM). Dr. Parra received her Ph.D. in Physics from UTFSM and subsequently held a postdoctoral position in the Department of Physics at Stanford University. Email: carolina.parra@usm.cl<\/p>\n<div>\u00a0<\/div>\n<div><strong style=\"font-size: inherit;\"><span style=\"color: #0000ff;\">\u00a0<\/span><\/strong><\/div>\n<div>\n<h5><strong><span style=\"color: #0000ff;\"><span style=\"color: #000000;\"><img loading=\"lazy\" class=\"alignleft wp-image-93 \" src=\"http:\/\/nanobiolab.usm.cl\/wp-content\/uploads\/2017\/07\/foto-dana-150x150.jpg\" alt=\"\" width=\"125\" height=\"125\" srcset=\"http:\/\/nanobiolab.usm.cl\/wp-content\/uploads\/2017\/07\/foto-dana-150x150.jpg 150w, http:\/\/nanobiolab.usm.cl\/wp-content\/uploads\/2017\/07\/foto-dana-230x230.jpg 230w, http:\/\/nanobiolab.usm.cl\/wp-content\/uploads\/2017\/07\/foto-dana-330x330.jpg 330w\" sizes=\"(max-width: 125px) 100vw, 125px\" \/><\/span><\/span><\/strong><\/h5>\n<h5><strong><span style=\"color: #0000ff;\">Dana Gentil<\/span><\/strong><\/h5>\n<p>Laboratory Manager. Dana holds a B. Sc. in Microbiology from Universidad Libre Seccional de Baranquillas.<\/p>\n<\/div>\n<p>\u00a0<\/p>\n<p>\u00a0<\/p>\n<p><strong style=\"color: inherit; font-size: 1em;\"><span style=\"color: #0000ff;\"><span style=\"color: #000000;\"><img loading=\"lazy\" class=\"alignleft wp-image-92 \" src=\"http:\/\/nanobiolab.usm.cl\/wp-content\/uploads\/2019\/01\/rodolfo_cortada.png\" alt=\"\" width=\"125\" height=\"125\" \/><\/span><\/span><\/strong><\/p>\n<div>\n<h5><strong><span style=\"color: #0000ff;\">Rodolfo San Mart\u00edn<\/span><\/strong><\/h5>\n<p>Fondecyt Research Assistant. Rodolfo holds a B. Sc. in Physics from Universidad T\u00e9cnica Federico Santa Mar\u00eda<\/p>\n<\/div>\n<p>\u00a0<\/p>\n<p>\u00a0<\/p>\n<p>\u00a0<\/p>\n<div><strong style=\"font-size: inherit;\"><span style=\"color: #0000ff;\"><span style=\"color: #000000;\"><img loading=\"lazy\" class=\"alignleft wp-image-92 \" src=\"http:\/\/nanobiolab.usm.cl\/wp-content\/uploads\/2017\/07\/foto-helen.jpg\" alt=\"\" width=\"125\" height=\"125\" \/><\/span><\/span><\/strong><\/div>\n<div>\n<h5><strong><span style=\"color: #0000ff;\">Helen Figueroa<\/span>\u00a0<\/strong><\/h5>\n<p>Fondecyt Research Assistant. Helen holds a B. Sc. in Chemical Engineering from Universidad T\u00e9cnica Federico Santa Mar\u00eda and a M. Sc. in Chemical Engineering from Universidad T\u00e9cnica Federico Santa Mar\u00eda.<\/p>\n<\/div>\n<div>\u00a0<\/div>\n<div>\u00a0<\/div>\n<div><strong style=\"font-size: inherit;\"><img loading=\"lazy\" class=\"wp-image-1073 alignleft\" src=\"http:\/\/nanobiolab.usm.cl\/wp-content\/uploads\/2026\/02\/danae.jpg\" alt=\"\" width=\"124\" height=\"124\" srcset=\"http:\/\/nanobiolab.usm.cl\/wp-content\/uploads\/2026\/02\/danae.jpg 499w, http:\/\/nanobiolab.usm.cl\/wp-content\/uploads\/2026\/02\/danae-300x300.jpg 300w, http:\/\/nanobiolab.usm.cl\/wp-content\/uploads\/2026\/02\/danae-150x150.jpg 150w, http:\/\/nanobiolab.usm.cl\/wp-content\/uploads\/2026\/02\/danae-230x230.jpg 230w, http:\/\/nanobiolab.usm.cl\/wp-content\/uploads\/2026\/02\/danae-330x330.jpg 330w\" sizes=\"(max-width: 124px) 100vw, 124px\" \/><\/strong><\/div>\n<div>\n<h5><strong><span style=\"color: #0000ff;\">Danae Barr\u00eda<\/span><\/strong><\/h5>\n<p>Science Communication Coordinator. Danae holds a B. Sc. in Biochemistry from Universidad Austral de Chile.<\/p>\n<p>\u00a0<\/p>\n<\/div>\n<div>\u00a0<\/div>\n<div>\u00a0<\/div>\n<h5><strong><span style=\"color: #0000ff;\"><strong style=\"font-size: inherit;\"><span style=\"color: #000000;\"><img loading=\"lazy\" class=\"wp-image-935  alignleft\" src=\"http:\/\/nanobiolab.usm.cl\/wp-content\/uploads\/2021\/08\/Fernanda_Olivares-150x150.png\" alt=\"\" width=\"125\" height=\"125\" srcset=\"http:\/\/nanobiolab.usm.cl\/wp-content\/uploads\/2021\/08\/Fernanda_Olivares-150x150.png 150w, http:\/\/nanobiolab.usm.cl\/wp-content\/uploads\/2021\/08\/Fernanda_Olivares-300x300.png 300w, http:\/\/nanobiolab.usm.cl\/wp-content\/uploads\/2021\/08\/Fernanda_Olivares-230x230.png 230w, http:\/\/nanobiolab.usm.cl\/wp-content\/uploads\/2021\/08\/Fernanda_Olivares-330x330.png 330w, http:\/\/nanobiolab.usm.cl\/wp-content\/uploads\/2021\/08\/Fernanda_Olivares.png 520w\" sizes=\"(max-width: 125px) 100vw, 125px\" \/><\/span><\/strong>Fernanda Olivares<\/span>\u00a0<\/strong><\/h5>\n<p>Fondecyt Postdoctoral fellow. Fernanda holds a B.Sc. in Chemistry from Universidad de Valpara\u00edso and a Ph.D. in Chemistry from Pontificia Universidad Cat\u00f3lica de Valpara\u00edso<\/p>\n<div>\u00a0<\/div>\n<div>\u00a0<\/div>\n<div>\u00a0<\/div>\n<div>\n<h5><strong><span style=\"color: #0000ff;\"><img loading=\"lazy\" class=\"alignleft\" src=\"https:\/\/media.licdn.com\/dms\/image\/v2\/D4E03AQEdBo4J64atlg\/profile-displayphoto-scale_200_200\/B4EZk7FdmxKkAY-\/0\/1757632912907?e=2147483647&amp;v=beta&amp;t=b0sLAHPKkxu5tVWi1TPnd856bGzsFmJRSAF9J886SnM\" alt=\"10 perfiles de \u00abPedro Contreras Gonzalez\u00bb | LinkedIn\" width=\"126\" height=\"126\" \/>Pedro Contreras<\/span><\/strong><\/h5>\n<p>B.Sc. Mechanical Engineering student, Universidad T\u00e9cnica Federico Santa Mar\u00eda\u00a0<\/p>\n<\/div>\n<div>\n<div style=\"width: 209px; border-color: #ffffff; height: 25px; vertical-align: top;\">\u00a0<\/div>\n<\/div>\n<div>\u00a0<\/div>\n<div>\u00a0<\/div>\n<div>\u00a0<\/div>\n<div>\n<div style=\"margin: 5px; width: auto; height: 190px;\">\n<h5 style=\"text-align: justify;\"><strong style=\"font-size: inherit;\"><span style=\"color: #0000ff;\"><span style=\"color: #000000;\"><strong style=\"font-size: inherit;\"><img loading=\"lazy\" class=\"wp-image-1071 alignleft\" src=\"http:\/\/nanobiolab.usm.cl\/wp-content\/uploads\/2026\/02\/foto-hans.png\" alt=\"\" width=\"124\" height=\"124\" srcset=\"http:\/\/nanobiolab.usm.cl\/wp-content\/uploads\/2026\/02\/foto-hans.png 306w, http:\/\/nanobiolab.usm.cl\/wp-content\/uploads\/2026\/02\/foto-hans-300x300.png 300w, http:\/\/nanobiolab.usm.cl\/wp-content\/uploads\/2026\/02\/foto-hans-150x150.png 150w, http:\/\/nanobiolab.usm.cl\/wp-content\/uploads\/2026\/02\/foto-hans-230x230.png 230w\" sizes=\"(max-width: 124px) 100vw, 124px\" \/><\/strong><\/span><\/span><\/strong><strong style=\"font-size: inherit;\"><span style=\"color: #0000ff;\">Hans Fritz<\/span><\/strong><\/h5>\n<p style=\"text-align: justify;\"><span style=\"font-size: inherit;\">B.Sc. Mechanical Engineering student, Universidad T\u00e9cnica Federico Santa Mar\u00eda<\/span><\/p>\n<\/div>\n<\/div>\n<div style=\"margin: 5px; width: auto; height: 190px;\">\n<h5><strong><span style=\"color: #0000ff;\"><img loading=\"lazy\" class=\"alignleft\" src=\"https:\/\/media.licdn.com\/dms\/image\/v2\/D4E03AQGD8s5S97y2Aw\/profile-displayphoto-shrink_200_200\/B4EZQ.DrvjHEAc-\/0\/1736207941045?e=2147483647&amp;v=beta&amp;t=DuPl_rGyuaZWiJ2dniP4HEod_DgQfF4H-tNBvPxSKL4\" alt=\"Maximiliano Olgu\u00edn Figueroa - Estudiante de Ingenier\u00eda Mec\u00e1nica Industrial  | LinkedIn\" width=\"125\" height=\"125\" \/>Maximiliano Olgu\u00edn<\/span><\/strong><\/h5>\n<p>B.Sc. Industrial Mechanical Engineering student, Universidad T\u00e9cnica Federico Santa Mar\u00eda\u00a0<\/p>\n<\/div>\n<h5><strong><span style=\"color: #0000ff;\"><img loading=\"lazy\" class=\"wp-image-1072 alignleft\" src=\"http:\/\/nanobiolab.usm.cl\/wp-content\/uploads\/2026\/02\/foto-nohat.png\" alt=\"\" width=\"124\" height=\"125\" srcset=\"http:\/\/nanobiolab.usm.cl\/wp-content\/uploads\/2026\/02\/foto-nohat.png 198w, http:\/\/nanobiolab.usm.cl\/wp-content\/uploads\/2026\/02\/foto-nohat-150x150.png 150w\" sizes=\"(max-width: 124px) 100vw, 124px\" \/>Nohat Elitin<\/span><\/strong><\/h5>\n<p>B.Sc. Mechanical Engineering student, Universidad T\u00e9cnica Federico Santa Mar\u00eda\u00a0<\/p>\n<p>\u00a0<\/p>\n<p>\u00a0<\/p>\n<p>\u00a0<\/p>\n<div style=\"margin: 5px; width: auto; height: 190px;\">\n<div>\n<div>\n<h5><strong><span style=\"color: #0000ff;\"><img loading=\"lazy\" class=\"alignleft\" src=\"https:\/\/media.licdn.com\/dms\/image\/v2\/D4E03AQEbSyfVGSLqxA\/profile-displayphoto-shrink_200_200\/B4EZYDWf2JHMAY-\/0\/1743812951931?e=2147483647&amp;v=beta&amp;t=T-ja3paiRd7laHTzA8NZdcsrE9OQJfiRjowucHENvWY\" alt=\"Javiera Bravo Zamora - Ingeniera Civil Mec\u00e1nica | LinkedIn\" width=\"125\" height=\"125\" \/>Javiera Bravo<\/span><\/strong><\/h5>\n<p>M.Sc. Mechanical Engineering student, Universidad T\u00e9cnica Federico Santa Mar\u00eda. Javiera holds a B. Sc. in Mechanical Engineering from Universidad T\u00e9cnica Federico Santa Mar\u00eda.<\/p>\n<\/div>\n<\/div>\n<\/div>\n<div style=\"margin: 5px; width: auto; height: 190px;\">\n<div>\n<div>\u00a0<\/div>\n<h5><strong><span style=\"color: #0000ff;\"><img loading=\"lazy\" class=\"wp-image-1074 alignleft\" src=\"http:\/\/nanobiolab.usm.cl\/wp-content\/uploads\/2026\/02\/foto-claudio.png\" alt=\"\" width=\"125\" height=\"121\" \/>Claudio Ragni<\/span><\/strong><\/h5>\n<p>M.Sc. Mechanical Engineering student, Universidad T\u00e9cnica Federico Santa Mar\u00eda. Claudio holds a B. Sc. in Mechanical Engineering from Universidad T\u00e9cnica Santa Mar\u00eda<\/p>\n<\/div>\n<\/div>\n<p>\u00a0<\/p>\n<div style=\"margin: 5px; width: auto; height: 190px;\">\n<div>\n<div style=\"margin: 5px; width: auto; height: 190px;\">\n<div>\n<h5><strong><span style=\"color: #0000ff;\"><img loading=\"lazy\" class=\"alignleft wp-image-350 \" src=\"http:\/\/nanobiolab.usm.cl\/wp-content\/uploads\/2022\/05\/Isabel-providel.jpg\" alt=\"\" width=\"125\" height=\"126\" \/>Isabel Providel<\/span><\/strong><\/h5>\n<p>Administrative assistant, Informatic Engineering, Universidad T\u00e9cnica Federico Santa Mar\u00eda<\/p>\n<\/div>\n<p>\u00a0<\/p>\n<\/div>\n<div style=\"margin: 5px; width: auto; height: 190px;\">\n<div>\u00a0<\/div>\n<\/div>\n<\/div>\n<\/div>\n<div style=\"margin: 5px; width: auto; height: 190px;\">\n<div>\n<p>\u00a0<\/p>\n<p><strong><span style=\"color: #000000; font-size: 22px;\">Former Members<\/span><\/strong><\/p>\n<p>\u00a0<\/p>\n<p><span style=\"color: #000000;\"><img loading=\"lazy\" class=\"alignleft wp-image-92 \" src=\"http:\/\/nanobiolab.usm.cl\/wp-content\/uploads\/2018\/03\/Barbara_2.jpg\" alt=\"\" width=\"125\" height=\"124\" \/><\/span><\/p>\n<h5><span style=\"color: #0000ff;\"><strong>B\u00e1rbara Arce<\/strong><\/span><\/h5>\n<p>Fondecyt and Fondef research assistant. B. Sc. in Physics from Universidad T\u00e9cnica Federico Santa Mar\u00eda\u00a0<\/p>\n<\/div>\n<div>\u00a0<\/div>\n<div>\n<div style=\"width: 209px; border-color: #ffffff; height: 25px; vertical-align: top;\">\u00a0<\/div>\n<\/div>\n<\/div>\n<div><br \/>\n<h5>\u00a0<\/h5>\n<h5>\u00a0<\/h5>\n<h5>\u00a0\u00a0\u00a0\u00a0<\/h5>\n<h5><span style=\"color: #0000ff;\"><strong><img loading=\"lazy\" class=\"wp-image-1075 alignleft\" src=\"http:\/\/nanobiolab.usm.cl\/wp-content\/uploads\/2026\/02\/foto-juliet.png\" alt=\"\" width=\"127\" height=\"127\" srcset=\"http:\/\/nanobiolab.usm.cl\/wp-content\/uploads\/2026\/02\/foto-juliet.png 450w, http:\/\/nanobiolab.usm.cl\/wp-content\/uploads\/2026\/02\/foto-juliet-300x300.png 300w, http:\/\/nanobiolab.usm.cl\/wp-content\/uploads\/2026\/02\/foto-juliet-150x150.png 150w, http:\/\/nanobiolab.usm.cl\/wp-content\/uploads\/2026\/02\/foto-juliet-230x230.png 230w, http:\/\/nanobiolab.usm.cl\/wp-content\/uploads\/2026\/02\/foto-juliet-330x330.png 330w\" sizes=\"(max-width: 127px) 100vw, 127px\" \/><\/strong><\/span><\/h5>\n<h5><span style=\"color: #0000ff;\"><strong>Juliet Ariztiz\u00e1bal<\/strong><\/span><\/h5>\n<p>Fondecyt postdoctoral fellow and Fondef research assistant. B. Sc. in Chemistry from Universidad Cat\u00f3lica de Valpara\u00edso and Ph.D. in Chemistry from Pontificia Universidad Cat\u00f3lica de Chile\u00a0\u00a0<\/p>\n<\/div>\n<div>\u00a0<\/div>\n<div style=\"width: 209px; border-color: #ffffff; height: 25px; vertical-align: top;\">\u00a0<\/div>\n<div>\u00a0<\/div>\n<div style=\"margin: 5px; width: auto; height: 190px;\">\n<div>\n<div style=\"margin: 5px; width: auto; height: 190px;\">\n<h5><span style=\"color: #0000ff;\"><strong><span style=\"color: #000000;\"><img loading=\"lazy\" class=\"alignleft wp-image-935 \" src=\"http:\/\/nanobiolab.usm.cl\/wp-content\/uploads\/2022\/05\/Maria-Jose-Vargas.jpg\" alt=\"\" width=\"128\" height=\"128\" \/><\/span>Mar\u00eda Jos\u00e9 Vargas<\/strong><\/span><\/h5>\n<p>FONDEF Postdoctoral Fellow. M. Sc. in Biochemistry from Universidad de Santiago de Chile and Ph. D. in Microbiology from Universidad de Santiago de Chile<\/p>\n<\/div>\n<\/div>\n<div style=\"margin: 5px; width: auto; height: 190px;\">\n<div>\n<div style=\"margin: 5px; width: auto; height: 190px;\">\n<h5><span style=\"color: #0000ff;\"><strong><span style=\"color: #000000;\"><img loading=\"lazy\" class=\"alignleft wp-image-92 \" src=\"http:\/\/nanobiolab.usm.cl\/wp-content\/uploads\/2019\/01\/valentina_cortada.png\" alt=\"\" width=\"130\" height=\"130\" \/><\/span>Valentina Gallardo<\/strong><\/span><\/h5>\n<p>M. Sc. in Physics from Universidad T\u00e9cnica Federico Santa Mar\u00eda<\/p>\n<p>\u00a0<\/p>\n<\/div>\n<\/div>\n<\/div>\n<\/div>\n<div style=\"margin: 5px; width: auto; height: 190px;\">\u00a0<\/div>\n<div style=\"margin: 5px; width: auto; height: 190px;\">\n<div style=\"margin: 5px; width: auto; height: 190px;\">\n<div>\n<h5><span style=\"color: #0000ff;\"><strong><span style=\"color: #000000;\"><img loading=\"lazy\" class=\"alignleft wp-image-92 \" src=\"http:\/\/nanobiolab.usm.cl\/wp-content\/uploads\/2017\/07\/foto-Elias.jpg\" alt=\"\" width=\"126\" height=\"126\" \/><\/span>Elias Reinoso<\/strong><\/span><\/h5>\n<p>B. Sc. in Chemical Engineering from Universidad T\u00e9cnica Federico Santa Mar\u00eda and M.Sc. in Chemical Engineering from Universidad T\u00e9cnica Federico Santa Mar\u00eda<\/p>\n<\/div>\n<\/div>\n<\/div>\n<div style=\"margin: 5px; width: auto; height: 190px;\">\n<div>\n<div style=\"margin: 5px; width: auto; height: 190px;\">\n<h5><span style=\"color: #0000ff;\"><strong><img loading=\"lazy\" class=\"wp-image-1076 alignleft\" src=\"http:\/\/nanobiolab.usm.cl\/wp-content\/uploads\/2026\/02\/foto-elsie.png\" alt=\"\" width=\"125\" height=\"125\" srcset=\"http:\/\/nanobiolab.usm.cl\/wp-content\/uploads\/2026\/02\/foto-elsie.png 220w, http:\/\/nanobiolab.usm.cl\/wp-content\/uploads\/2026\/02\/foto-elsie-150x150.png 150w\" sizes=\"(max-width: 125px) 100vw, 125px\" \/>Elsie Zurob<\/strong><\/span><\/h5>\n<p>FONDEF Research Assistant<br \/>B.S. Chemical Engineering, Universidad de Santiago de Chile (2019).Analytical chemist INACAP<\/p>\n<\/div>\n<\/div>\n<div style=\"margin: 5px; width: auto; height: 190px;\">\n<div>\n<div style=\"margin: 5px; width: auto; height: 190px;\">\n<h5><span style=\"color: #0000ff;\"><strong><img loading=\"lazy\" class=\"alignleft wp-image-94 \" style=\"color: #000000;\" src=\"http:\/\/nanobiolab.usm.cl\/wp-content\/uploads\/2022\/05\/Javiera-Romero.jpg\" alt=\"\" width=\"125\" height=\"125\" \/>Javiera Romero<\/strong><\/span><\/h5>\n<p>B.Sc. in Mechanical Engineering from Universidad T\u00e9cnica Federico Santa Mar\u00eda<\/p>\n<p>\u00a0<\/p>\n<\/div>\n<\/div>\n<\/div>\n<\/div>\n<div style=\"margin: 5px; width: auto; height: 190px;\">\u00a0<\/div>\n<div>\n<div style=\"margin: 5px; width: auto; height: 190px;\">\n<div>\n<div style=\"margin: 5px; width: auto; height: 190px;\">\n<h5><span style=\"color: #0000ff;\"><strong><span style=\"color: #000000;\"><img loading=\"lazy\" class=\"alignleft wp-image-94 \" src=\"http:\/\/nanobiolab.usm.cl\/wp-content\/uploads\/2022\/05\/Fernando-Volke-final.jpg\" alt=\"\" width=\"125\" height=\"125\" \/><\/span>Fernando Volke<\/strong><\/span><\/h5>\n<p>B.Sc. in Mechanical Engineering from Universidad T\u00e9cnica Federico Santa Mar\u00eda.<\/p>\n<\/div>\n<\/div>\n<div style=\"margin: 5px; width: auto; height: 190px;\">\n<div style=\"margin: 5px; width: auto; height: 190px;\">\u00a0<\/div>\n<\/div>\n<\/div>\n<\/div>\n<div>\n<div style=\"margin: 5px; width: auto; height: 190px;\">\n<div style=\"margin: 5px; width: auto; height: 190px;\">\n<div style=\"margin: 5px; width: auto; height: 190px;\">\n<h5><span style=\"color: #0000ff;\"><strong><img loading=\"lazy\" class=\"alignleft wp-image-95 \" style=\"color: #000000;\" src=\"http:\/\/nanobiolab.usm.cl\/wp-content\/uploads\/2017\/07\/foto-Pancho-150x150.jpg\" alt=\"\" width=\"125\" height=\"125\" srcset=\"http:\/\/nanobiolab.usm.cl\/wp-content\/uploads\/2017\/07\/foto-Pancho-150x150.jpg 150w, http:\/\/nanobiolab.usm.cl\/wp-content\/uploads\/2017\/07\/foto-Pancho-230x230.jpg 230w, http:\/\/nanobiolab.usm.cl\/wp-content\/uploads\/2017\/07\/foto-Pancho-330x330.jpg 330w\" sizes=\"(max-width: 125px) 100vw, 125px\" \/>Francisco Montero<\/strong><\/span><\/h5>\n<p>Postdoctoral fellow, Biochemist from Universidad Austral, Ph.D. in Biotechnology from Universidad T\u00e9cnica Federico Santa Mar\u00eda<\/p>\n<p>\u00a0<\/p>\n<\/div>\n<\/div>\n<\/div>\n<div>\n<div style=\"margin: 5px; width: auto; height: 190px;\">\n<div>\n<div style=\"margin: 5px; width: auto; height: 190px;\">\n<h5><span style=\"color: #0000ff;\"><strong><span style=\"color: #000000;\"><img loading=\"lazy\" class=\"alignleft wp-image-95 \" src=\"http:\/\/nanobiolab.usm.cl\/wp-content\/uploads\/2018\/01\/geraldine.jpg\" alt=\"\" width=\"125\" height=\"125\" \/><\/span>Geraldine Dennett<\/strong><\/span><\/h5>\n<p>FONDEF Researcher, Biochemist from Universidad de Santiago de Chile,\u00a0 Ph.D. Biotechnology from Universidad de Santiago de Chile.<\/p>\n<\/div>\n<\/div>\n<\/div>\n<\/div>\n<\/div>\n<div>\u00a0<\/div>\n<div style=\"margin: 5px; width: auto; height: 190px;\">\n<div style=\"margin: 5px; width: auto; height: 190px;\">\n<div style=\"width: 209px; border-color: #ffffff; height: 25px; vertical-align: top;\">\n<div style=\"margin: 5px; width: auto; height: 190px;\">\n<div style=\"margin: 5px; width: auto; height: 190px;\">\n<div style=\"margin: 5px; width: auto; height: 190px;\">\n<div style=\"margin: 5px; width: auto; height: 190px;\">\n<div style=\"margin: 5px; width: auto; height: 190px;\">\n<p>\u00a0<\/p>\n<\/div>\n<\/div>\n<\/div>\n<\/div>\n<\/div>\n<\/div>\n<\/div>\n<\/div>\n\n\n<p><\/p>\n\n\n\n<hr class=\"wp-block-separator\"\/>\n\n\n\n<p><\/p>\n","protected":false},"excerpt":{"rendered":"<p>Current Lab Members \u00a0 Carolina Parra. Principal Investigator. Associate Professor, Department of Mechanical Engineering, Universidad T\u00e9cnica Federico Santa Mar\u00eda (UTFSM). Dr. Parra received her Ph.D. in Physics from UTFSM and subsequently held a postdoctoral position in the Department of Physics<\/p>\n","protected":false},"author":1,"featured_media":0,"parent":0,"menu_order":0,"comment_status":"closed","ping_status":"closed","template":"","meta":[],"_links":{"self":[{"href":"http:\/\/nanobiolab.usm.cl\/index.php\/wp-json\/wp\/v2\/pages\/86"}],"collection":[{"href":"http:\/\/nanobiolab.usm.cl\/index.php\/wp-json\/wp\/v2\/pages"}],"about":[{"href":"http:\/\/nanobiolab.usm.cl\/index.php\/wp-json\/wp\/v2\/types\/page"}],"author":[{"embeddable":true,"href":"http:\/\/nanobiolab.usm.cl\/index.php\/wp-json\/wp\/v2\/users\/1"}],"replies":[{"embeddable":true,"href":"http:\/\/nanobiolab.usm.cl\/index.php\/wp-json\/wp\/v2\/comments?post=86"}],"version-history":[{"count":139,"href":"http:\/\/nanobiolab.usm.cl\/index.php\/wp-json\/wp\/v2\/pages\/86\/revisions"}],"predecessor-version":[{"id":1093,"href":"http:\/\/nanobiolab.usm.cl\/index.php\/wp-json\/wp\/v2\/pages\/86\/revisions\/1093"}],"wp:attachment":[{"href":"http:\/\/nanobiolab.usm.cl\/index.php\/wp-json\/wp\/v2\/media?parent=86"}],"curies":[{"name":"wp","href":"https:\/\/api.w.org\/{rel}","templated":true}]}}