{"id":83,"date":"2017-07-05T18:30:02","date_gmt":"2017-07-05T18:30:02","guid":{"rendered":"http:\/\/nanobiolab.usm.cl\/?page_id=83"},"modified":"2026-02-19T15:13:00","modified_gmt":"2026-02-19T15:13:00","slug":"teaching","status":"publish","type":"page","link":"http:\/\/nanobiolab.usm.cl\/index.php\/teaching\/","title":{"rendered":"Teaching"},"content":{"rendered":"<h4><span style=\"color: #0000cc;\">IPM469 Introducci\u00f3n a la Nanociencia y Nanotecnolog\u00eda<\/span><\/h4>\n<p>Descripci\u00f3n: El estudiantado integra los conceptos de nanomateriales y nanotecnolog\u00eda desde el punto de vista de la ingenier\u00eda de materiales, para establecer conexiones interdisciplinarias y desarrollar el razonamiento cr\u00edtico en este contexto. Durante el curso los y las estudiantes desarrollan un proyecto experimental en sistemas nanoestructurados, descubriendo un amplio abanico de t\u00e9cnicas experimentales para la s\u00edntesis y caracterizaci\u00f3n de sistemas controlados a nanoescala. Esta asignatura electiva pertenece al \u00e1rea de Mec\u00e1nica de S\u00f3lidos y Materiales. Cupos Limitados. M\u00e1s informaci\u00f3n en <a href=\"http:\/\/aula.usm.cl\" target=\"_blank\" rel=\"noopener noreferrer\">AULA<\/a>.<\/p>\n<hr \/>\n<h4><span style=\"color: #0000cc;\">IWM210 Termodin\u00e1mica<\/span><\/h4>\n<p>Descripci\u00f3n: Esta asignatura est\u00e1 dise\u00f1ada para proporcionar una comprensi\u00f3n de los procesos f\u00edsicos que involucran la conversi\u00f3n de energ\u00eda entre calor y trabajo. El estudiantado, mediante clases expositivas, adquiere conocimientos sobre las tres leyes de la termodin\u00e1mica, las propiedades de la materia y la forma en que las m\u00e1quinas t\u00e9rmicas convierten energ\u00eda. Para ello, se introducen el concepto de balance en vol\u00famenes de control abiertos y cerrados, y la interpretaci\u00f3n de diagramas de estado de la materia. Asimismo, el estudiantado aplica los conocimientos f\u00edsicos y matem\u00e1ticos adquiridos para resolver problemas propios de la pr\u00e1ctica profesional de la ingenier\u00eda. M\u00e1s informaci\u00f3n en <a href=\"http:\/\/aula.usm.cl\/\" target=\"_blank\" rel=\"noopener noreferrer\">AULA<\/a>.<\/p>\n<div>\n<dl id=\"attachment_202\">\n<dt>\n<hr \/>\n<\/dt>\n<dd><\/dd>\n<\/dl>\n<\/div>\n<h4><span style=\"color: #0000cc;\">TALLER &#8211; Formulaci\u00f3n de propuestas cient\u00edficas para fondos concursables<\/span><\/h4>\n<p>Descripci\u00f3n: Este taller est\u00e1 destinado a j\u00f3venes investigadores que requieran formular propuestas cient\u00edficas. El taller proporciona consejos generales para preparar propuestas competitivas para fondos concursables y provee una descripci\u00f3n de las etapas, la estructura y los elementos formales generales asociados a una postulaci\u00f3n a fondos concursables. Adem\u00e1s, se presentan y discuten ejemplos de propuestas fuertes y d\u00e9biles, y se mencionan errores comunes para obtener las herramientas necesarias para mejorar sus propuestas. M\u00e1s informaci\u00f3n en <a href=\"http:\/\/aula.usm.cl\" target=\"_blank\" rel=\"noopener noreferrer\">AULA<\/a>.<\/p>\n","protected":false},"excerpt":{"rendered":"<p>IPM469 Introducci\u00f3n a la Nanociencia y Nanotecnolog\u00eda Descripci\u00f3n: El estudiantado integra los conceptos de nanomateriales y nanotecnolog\u00eda desde el punto de vista de la ingenier\u00eda de materiales, para establecer conexiones interdisciplinarias y desarrollar el razonamiento cr\u00edtico en este contexto. Durante<\/p>\n","protected":false},"author":1,"featured_media":0,"parent":0,"menu_order":0,"comment_status":"closed","ping_status":"closed","template":"","meta":[],"_links":{"self":[{"href":"http:\/\/nanobiolab.usm.cl\/index.php\/wp-json\/wp\/v2\/pages\/83"}],"collection":[{"href":"http:\/\/nanobiolab.usm.cl\/index.php\/wp-json\/wp\/v2\/pages"}],"about":[{"href":"http:\/\/nanobiolab.usm.cl\/index.php\/wp-json\/wp\/v2\/types\/page"}],"author":[{"embeddable":true,"href":"http:\/\/nanobiolab.usm.cl\/index.php\/wp-json\/wp\/v2\/users\/1"}],"replies":[{"embeddable":true,"href":"http:\/\/nanobiolab.usm.cl\/index.php\/wp-json\/wp\/v2\/comments?post=83"}],"version-history":[{"count":21,"href":"http:\/\/nanobiolab.usm.cl\/index.php\/wp-json\/wp\/v2\/pages\/83\/revisions"}],"predecessor-version":[{"id":1099,"href":"http:\/\/nanobiolab.usm.cl\/index.php\/wp-json\/wp\/v2\/pages\/83\/revisions\/1099"}],"wp:attachment":[{"href":"http:\/\/nanobiolab.usm.cl\/index.php\/wp-json\/wp\/v2\/media?parent=83"}],"curies":[{"name":"wp","href":"https:\/\/api.w.org\/{rel}","templated":true}]}}