{"id":4,"date":"2017-07-05T04:32:38","date_gmt":"2017-07-05T04:32:38","guid":{"rendered":"http:\/\/nanobiolab.usm.cl\/?page_id=4"},"modified":"2026-02-19T15:19:17","modified_gmt":"2026-02-19T15:19:17","slug":"collaborators","status":"publish","type":"page","link":"http:\/\/nanobiolab.usm.cl\/index.php\/collaborators\/","title":{"rendered":"Friends, Collaborators and Funding"},"content":{"rendered":"<p>Science is a team effort. Our work is multi-disciplinary and furthered by the expertise and perspectives of our collaborators. We also aim to bring our knowledge and skills to new and different projects. Please contact us if you have a project that could benefit from our lab&#8217;s expertise.<\/p>\n<p style=\"padding-left: 90px;\">Rogerio Paniago, Physics Department, Universidade Federal de Minas Gerais, Belo Horizonte, Brazil.<\/p>\n<p style=\"padding-left: 90px;\">Hari C. Manoharan, Applied Physics Department, Stanford University, USA.<\/p>\n<p style=\"padding-left: 90px;\">Paula Giraldo, Physics Department, Universidad de los Andes, Colombia.<\/p>\n<p style=\"padding-left: 90px;\">Angela Barrera, Physics Department, Universidade Federal de Lavras, Brasil.<\/p>\n<p style=\"padding-left: 90px;\">Vinka Craver, Collegue of Engineering, University of Rhode Island, USA.<\/p>\n<p style=\"padding-left: 90px;\">Sheila Lascano, Mechanical Engineering Department, Universidad T\u00e9cnica Federico Santa Mar\u00eda (UTFSM), Chile.<\/p>\n<p style=\"padding-left: 90px;\">Francisco Mu\u00f1oz, Physics Department,\u00a0 Universidad de Chile, Chile.<\/p>\n<p style=\"padding-left: 90px;\">Leyla C\u00e1rdenas, Environmental and Evolutive Sciences Institute, Universidad Austral, Chile<\/p>\n<p style=\"padding-left: 90px;\">Mohan Mathpal, Multidisciplinary Center of Physics, Universidad Mayor<\/p>\n<p style=\"padding-left: 90px;\">Beatriz C\u00e1mara, Chemistry Department, UTFSM, Chile.<\/p>\n<p style=\"padding-left: 90px;\">Rodrigo Segura, Chemistry Department, Universidad de Valpara\u00edso, Chile.<\/p>\n<p style=\"padding-left: 90px;\">Marcos Flores, Physics\u00a0Department, Universidad de Chile, Chile.<\/p>\n<p style=\"padding-left: 90px;\">Marcela Wilkens, Microbiology lab, Chemistry Department, Universidad de Santiago de Chile, Chile.<\/p>\n<p style=\"padding-left: 90px;\">Roberto Orellana, Biology Department, Universidad de Playa Ancha, Chile.<\/p>\n<p>\u00a0<\/p>\n<p style=\"padding-left: 90px;\">\u00a0<\/p>\n<hr \/>\n<h4>\u00a0<\/h4>\n<h4><span style=\"color: #0000cc;\">Funding and Sponsors<\/span><\/h4>\n<p>Our work could not be conducted without the funding support from many different organizations. We are grateful to the funding partnerships that allow us to conduct our research with the best equipment, resources, and people.<\/p>\n<p><span style=\"color: #0000cc; font-size: 21px;\">Grants<\/span><\/p>\n<p>Startup Ciencia SUC230056 \u201cDesarrollo y escalamiento de la producci\u00f3n de nanocompuestos de alto desempe\u00f1o para la miner\u00eda\u201d (2023-2024).\u00a0<\/p>\n<p>Fondef IDeA ID23I10139\u00a0 \u201cMembrana nanoestructurada en base a didymo para la captura de iones met\u00e1licos en medios acuosos\u201d (2023-2025).<\/p>\n<p>Fondecyt Regular 1220715 \u201cStrain effect on local electronic properties of topological insulator nanostructures\u201d (2022-2026).<\/p>\n<p>Fondecyt Regular 1231834 \u201cNano-coated functionally graded porous materials based on biocompatible High Entropy Alloys for biomedical applications fabricated via spark plasma sintering\u201d (2023-2026).<\/p>\n<p>Fondecyt Regular 1231487 \u201cDefects in two-dimensional materials and heterostructures\u201d (2023-2026).<\/p>\n<p>InES G\u00e9nero USM INGE210004 \u201cEstudio cuantitativo de audiencias en una actividad de divulgaci\u00f3n cient\u00edfico-art\u00edstica sobre los estereotipos de g\u00e9nero STEM presentes en ni\u00f1as y ni\u00f1os de 9 a 12 a\u00f1os de la Regi\u00f3n de Valpara\u00edso&#8221; (2024).<\/p>\n<p>Formalizaci\u00f3n de Spin Off USM PI_SPO_23_05 \u201cFortalecimiento de las capacidades de negocio y de vinculaci\u00f3n de spin-off Greengroup SpA\u201d (2024).<\/p>\n<p>FONDEF IDEA ID21I10171 &#8220;Desarrollo de recubrimientos nanoestructurados para el control del biofouling &#8221; (2021-2023).<\/p>\n<p>VIU21P0050 &#8220;Membrana en base a nanotecnolog\u00eda para la remoci\u00f3n eficiente y sustentable de impurezas presentes en el litio&#8221;(2021-2022).<\/p>\n<p>Fondecyt postdoc 3210536 &#8220;Desarrollo de c\u00e1todos porosos nanoestructurados para bater\u00edas de litio-aire&#8221;(2021-2023).<\/p>\n<p>Fondecyt Postdoc 3230716 &#8220;Desarrollo de recubrimientos basados en TiO2 y CNTs para la modificaci\u00f3n de la superficie de sustratos de titanio poroso enfocados en la potencial aplicabilidad en el estudio de implantes&#8221; (2023-2025).<\/p>\n<p>Anillo ACT192023 &#8220;Light-Matter Interactions in Topological Nanomaterials Towards Low-Consumption Information Technology&#8221;(2020-2022)<\/p>\n<p>Fondequip EQM20085 \u201cGeneration of an interdisciplinary pole of theoretical-experimental cooperation through the acquisition of a low-temperature scanning tunnelling microscope (LT-STM\/STS)<em>\u201d<\/em> (2020)<\/p>\n<p>Fondecyt Regular 1191353 &#8220;Topological Insulator Superlattices&#8221; (2019-2022).<\/p>\n<p>Fondecyt Regular 1180702 &#8220;Multidisciplinary study on the passivation of microbial corrosion of metallic materials using nanostructured h-BN coatings&#8221; (2018-2021).<\/p>\n<p>FONDEF IDEA ID17I20012 &#8220;Desarrollo de electrodos de alta eficiencia en base a materiales nanoestructurados para aplicaciones en procesos de electro-obtenci\u00f3n en la miner\u00eda&#8221; (2020-2022).<\/p>\n<p>FONDEF IDEA ID17I10012 &#8220;Desarrollo de electrodos de alta eficiencia en base a materiales nanoestructurados para aplicaciones en procesos de electro-obtenci\u00f3n en la miner\u00eda&#8221; (2017-2019).<\/p>\n<p>FONDEF IDEA ID15I10576 \u201cDesarrollo de recubrimientos en base a grafeno y sus derivados para controlar la biocorrosi\u00f3n en ductos met\u00e1licos utilizados para el transporte de l\u00edquidos en la industria minera\u201d (2015-2017)<\/p>\n<p>PI_IN_2020_47 &#8220;Desarrollo de bater\u00edas litio nanoestructuradas&#8221; (2020)<\/p>\n<p>PI_IN_2020_48 &#8220;Desarrollo de pinturas antifouling nanoestructuradas para mallas de confinamiento en centros de cultivo de salm\u00f3n&#8221; (2020)<\/p>\n<p>PI_IN_19_08 &#8220;Desarrollo de recubrimientos nanoestructurados para el control del biofouling&#8221; (2019-2020)<\/p>\n<p>PMI InES, FSM1402_B_27 &#8220;Validaci\u00f3n en ambiente agresivo del desempe\u00f1o anti-biocorrosivo de recubrimientos nanoestructurados&#8221; (2018)<\/p>\n<p>PMI InES, FSM1402_A_12 &#8220;Validaci\u00f3n del desempe\u00f1o de hormig\u00f3n modificado a nanoescala en condiciones de alta agresividad como las dadas por el ambiente marino&#8221; (2018)<\/p>\n<p>PIM_USM_18_12 &#8220;Desarrollo de recubrimientos nanoestructurados para controlar la adhesi\u00f3n y proliferaci\u00f3n de microalgas&#8221; (2018)<\/p>\n<p><span style=\"color: #0000cc; font-size: 21px;\">Sponsors and Partners<\/span><\/p>\n<p><img loading=\"lazy\" class=\"aligncenter wp-image-284 size-full\" src=\"http:\/\/nanobiolab.usm.cl\/wp-content\/uploads\/2017\/07\/Sponsors.png\" alt=\"\" width=\"1203\" height=\"367\" srcset=\"http:\/\/nanobiolab.usm.cl\/wp-content\/uploads\/2017\/07\/Sponsors.png 1203w, http:\/\/nanobiolab.usm.cl\/wp-content\/uploads\/2017\/07\/Sponsors-300x92.png 300w, http:\/\/nanobiolab.usm.cl\/wp-content\/uploads\/2017\/07\/Sponsors-768x234.png 768w, http:\/\/nanobiolab.usm.cl\/wp-content\/uploads\/2017\/07\/Sponsors-1024x312.png 1024w\" sizes=\"(max-width: 1203px) 100vw, 1203px\" \/><\/p>\n<p><img loading=\"lazy\" class=\"alignnone size-thumbnail wp-image-563\" src=\"http:\/\/nanobiolab.usm.cl\/wp-content\/uploads\/2018\/08\/colaboradores-sika_unicon_armada_fondecyt.png\" alt=\"\" width=\"1200\" height=\"150\" \/><\/p>\n\n\n<p><\/p>\n","protected":false},"excerpt":{"rendered":"<p>Science is a team effort. Our work is multi-disciplinary and furthered by the expertise and perspectives of our collaborators. We also aim to bring our knowledge and skills to new and different projects. Please contact us if you have a<\/p>\n","protected":false},"author":1,"featured_media":0,"parent":0,"menu_order":0,"comment_status":"closed","ping_status":"closed","template":"","meta":[],"_links":{"self":[{"href":"http:\/\/nanobiolab.usm.cl\/index.php\/wp-json\/wp\/v2\/pages\/4"}],"collection":[{"href":"http:\/\/nanobiolab.usm.cl\/index.php\/wp-json\/wp\/v2\/pages"}],"about":[{"href":"http:\/\/nanobiolab.usm.cl\/index.php\/wp-json\/wp\/v2\/types\/page"}],"author":[{"embeddable":true,"href":"http:\/\/nanobiolab.usm.cl\/index.php\/wp-json\/wp\/v2\/users\/1"}],"replies":[{"embeddable":true,"href":"http:\/\/nanobiolab.usm.cl\/index.php\/wp-json\/wp\/v2\/comments?post=4"}],"version-history":[{"count":69,"href":"http:\/\/nanobiolab.usm.cl\/index.php\/wp-json\/wp\/v2\/pages\/4\/revisions"}],"predecessor-version":[{"id":1103,"href":"http:\/\/nanobiolab.usm.cl\/index.php\/wp-json\/wp\/v2\/pages\/4\/revisions\/1103"}],"wp:attachment":[{"href":"http:\/\/nanobiolab.usm.cl\/index.php\/wp-json\/wp\/v2\/media?parent=4"}],"curies":[{"name":"wp","href":"https:\/\/api.w.org\/{rel}","templated":true}]}}